{"id":113,"date":"2023-02-24T12:20:22","date_gmt":"2023-02-24T11:20:22","guid":{"rendered":"https:\/\/orcacapital.de\/en\/?page_id=113"},"modified":"2025-05-15T13:13:56","modified_gmt":"2025-05-15T11:13:56","slug":"about","status":"publish","type":"page","link":"https:\/\/orcacapital.de\/en\/about\/","title":{"rendered":"About"},"content":{"rendered":"\n<section class=\"wp-block-group overlay-anchor alignfull background  item02\"><div class=\"wp-block-group__inner-container is-layout-flow wp-block-group-is-layout-flow\">\n<figure class=\"wp-block-image size-full alignfull is-background dimmed\"><img decoding=\"async\" src=\"https:\/\/orcacapital.de\/wp-content\/uploads\/2023\/01\/Unabhaengiges-Finanzunternehmen.jpg\" alt=\"Orca Capital, ein unabh\u00e4ngiges Finanzunternehmen mit Spezialisierung auf den Wertpapierhandel\" class=\"wp-image-909\"\/><\/figure>\n\n\n\n<div class=\"wp-block-group overlay\"><div class=\"wp-block-group__inner-container is-layout-flow wp-block-group-is-layout-flow\">\n<div class=\"wp-block-group constriction\"><div class=\"wp-block-group__inner-container is-layout-flow wp-block-group-is-layout-flow\">\n<h2 class=\"wp-block-heading\">Independent proprietary traders<\/h2>\n\n\n\n<div class=\"wp-block-columns is-layout-flex wp-container-core-columns-is-layout-1 wp-block-columns-is-layout-flex\">\n<div class=\"wp-block-column is-layout-flow wp-block-column-is-layout-flow\">\n<p>Orca Capital is an independent proprietary trader managed by the owners. All the money we invest is our own. Without exception, Orca Capital carries out trading activities that are free of license requirements.<\/p>\n<\/div>\n\n\n\n<div class=\"wp-block-column is-layout-flow wp-block-column-is-layout-flow\">\n<p>The company&#8217;s headquarters is in Pfaffenhofen an der Ilm (between Munich and Ingolstadt). Orca Capital was founded in October 2008 and since then has seen continuous and organic growth. A branch office was opened in Berlin in May 2022.<\/p>\n<\/div>\n<\/div>\n\n\n\n<div class=\"wp-block-group content-small2\"><div class=\"wp-block-group__inner-container is-layout-constrained wp-block-group-is-layout-constrained\">\n<div class=\"wp-block-columns fixed-columns is-layout-flex wp-container-core-columns-is-layout-2 wp-block-columns-is-layout-flex\">\n<div class=\"wp-block-column is-layout-flow wp-block-column-is-layout-flow\">\n<div class=\"wp-block-getwid-counter\"><div class=\"wp-block-getwid-counter__wrapper\" data-start=\"50\" data-end=\"50\" data-decimal-places=\"0\" data-duration=\"3\" data-use-easing=\"true\" data-use-grouping=\"true\" data-separator=\",\" data-decimal=\".\" data-easing-fn=\"outExpo\" data-numerals=\"default\"><span class=\"wp-block-getwid-counter__number\">0<\/span><p class=\"wp-block-getwid-counter__suffix\">Employees<\/p><\/div><\/div>\n<\/div>\n\n\n\n<div class=\"wp-block-column is-layout-flow wp-block-column-is-layout-flow\">\n<div class=\"wp-block-getwid-counter\"><div class=\"wp-block-getwid-counter__wrapper\" data-start=\"160\" data-end=\"160\" data-decimal-places=\"0\" data-duration=\"5\" data-use-easing=\"true\" data-use-grouping=\"true\" data-separator=\",\" data-decimal=\".\" data-easing-fn=\"outExpo\" data-numerals=\"default\"><span class=\"wp-block-getwid-counter__number\">0<\/span><p class=\"wp-block-getwid-counter__suffix\">Bankers and Brokers<\/p><\/div><\/div>\n<\/div>\n\n\n\n<div class=\"wp-block-column is-layout-flow wp-block-column-is-layout-flow\">\n<div class=\"wp-block-getwid-counter\"><div class=\"wp-block-getwid-counter__wrapper\" data-start=\"17\" data-end=\"17\" data-decimal-places=\"0\" data-duration=\"2\" data-use-easing=\"true\" data-use-grouping=\"true\" data-separator=\",\" data-decimal=\".\" data-easing-fn=\"outExpo\" data-numerals=\"default\"><span class=\"wp-block-getwid-counter__number\">0<\/span><p class=\"wp-block-getwid-counter__suffix\">Years since its inception in 2008<\/p><\/div><\/div>\n<\/div>\n<\/div>\n<\/div><\/div>\n<\/div><\/div>\n<\/div><\/div>\n\n\n\n<div class=\"wp-block-group overlay content-wide2 number-columns\"><div class=\"wp-block-group__inner-container is-layout-constrained wp-block-group-is-layout-constrained\">\n<div class=\"wp-block-columns fixed-columns is-layout-flex wp-container-core-columns-is-layout-3 wp-block-columns-is-layout-flex\">\n<div class=\"wp-block-column is-layout-flow wp-block-column-is-layout-flow\">\n<div class=\"wp-block-getwid-counter\"><div class=\"wp-block-getwid-counter__wrapper\" data-start=\"50\" data-end=\"50\" data-decimal-places=\"0\" data-duration=\"3\" data-use-easing=\"true\" data-use-grouping=\"true\" data-separator=\",\" data-decimal=\".\" data-easing-fn=\"outExpo\" data-numerals=\"default\"><span class=\"wp-block-getwid-counter__number\">0<\/span><p class=\"wp-block-getwid-counter__suffix\">Employees<\/p><\/div><\/div>\n<\/div>\n\n\n\n<div class=\"wp-block-column is-layout-flow wp-block-column-is-layout-flow\">\n<div class=\"wp-block-getwid-counter\"><div class=\"wp-block-getwid-counter__wrapper\" data-start=\"160\" data-end=\"160\" data-decimal-places=\"0\" data-duration=\"5\" data-use-easing=\"true\" data-use-grouping=\"true\" data-separator=\",\" data-decimal=\".\" data-easing-fn=\"outExpo\" data-numerals=\"default\"><span class=\"wp-block-getwid-counter__number\">0<\/span><p class=\"wp-block-getwid-counter__suffix\">Bankers and Brokers<\/p><\/div><\/div>\n<\/div>\n\n\n\n<div class=\"wp-block-column is-layout-flow wp-block-column-is-layout-flow\">\n<div class=\"wp-block-getwid-counter\"><div class=\"wp-block-getwid-counter__wrapper\" data-start=\"17\" data-end=\"17\" data-decimal-places=\"0\" data-duration=\"2\" data-use-easing=\"true\" data-use-grouping=\"true\" data-separator=\",\" data-decimal=\".\" data-easing-fn=\"outExpo\" data-numerals=\"default\"><span class=\"wp-block-getwid-counter__number\">0<\/span><p class=\"wp-block-getwid-counter__suffix\">Years since its inception in 2008<\/p><\/div><\/div>\n<\/div>\n<\/div>\n<\/div><\/div>\n<\/div><\/section>\n\n\n\n<section class=\"wp-block-group overlay-anchor alignfull background item03\"><div class=\"wp-block-group__inner-container is-layout-flow wp-block-group-is-layout-flow\">\n<figure class=\"wp-block-image size-full alignfull is-background\"><img decoding=\"async\" src=\"https:\/\/orcacapital.de\/wp-content\/uploads\/2022\/03\/Globaler-Handel-weltweit.jpg\" alt=\"Orca Capital \u2013 computergest\u00fctzter globaler Handel an allen wichtigen B\u00f6rsenpl\u00e4tzen der Welt\" class=\"wp-image-425\"\/><\/figure>\n\n\n\n<div class=\"wp-block-group overlay\"><div class=\"wp-block-group__inner-container is-layout-flow wp-block-group-is-layout-flow\">\n<div class=\"wp-block-group constriction\"><div class=\"wp-block-group__inner-container is-layout-flow wp-block-group-is-layout-flow\">\n<h2 class=\"wp-block-heading\">Global trading \u2013 all over the world<\/h2>\n\n\n\n<div class=\"wp-block-columns is-layout-flex wp-container-core-columns-is-layout-4 wp-block-columns-is-layout-flex\">\n<div class=\"wp-block-column is-layout-flow wp-block-column-is-layout-flow\">\n<p>The purpose of Orca Capital is to trade in financial instruments for the company&#8217;s own account. Orca Capital is active at all the world&#8217;s important stock exchange venues.<\/p>\n\n\n\n<p>The employees\u2019 in-depth knowledge of market mechanisms, combined with their many years in stock exchange trading and the use of future-oriented technology, ensures the success of Orca Capital.<\/p>\n<\/div>\n\n\n\n<div class=\"wp-block-column is-layout-flow wp-block-column-is-layout-flow\">\n<p>The existing trading infrastructure is continuously developed in the course of operations and adapted to the changing market conditions. <\/p>\n\n\n\n<p>A further asset is the international network. Orca Capital maintains excellent contacts to banks and brokers all over the world.<\/p>\n<\/div>\n<\/div>\n\n\n\n<div class=\"wp-block-group content-small2\"><div class=\"wp-block-group__inner-container is-layout-constrained wp-block-group-is-layout-constrained\">\n<div class=\"wp-block-columns fixed-columns is-layout-flex wp-container-core-columns-is-layout-5 wp-block-columns-is-layout-flex\">\n<div class=\"wp-block-column is-layout-flow wp-block-column-is-layout-flow\">\n<div class=\"wp-block-getwid-counter\"><div class=\"wp-block-getwid-counter__wrapper\" data-start=\"8500\" data-end=\"8500\" data-decimal-places=\"0\" data-duration=\"6\" data-use-easing=\"true\" data-use-grouping=\"true\" data-separator=\",\" data-decimal=\".\" data-easing-fn=\"outExpo\" data-numerals=\"default\"><span class=\"wp-block-getwid-counter__number\">0<\/span><p class=\"wp-block-getwid-counter__suffix\">Traded values<\/p><\/div><\/div>\n\n\n\n<div class=\"wp-block-group constriction\"><div class=\"wp-block-group__inner-container is-layout-flow wp-block-group-is-layout-flow\"><\/div><\/div>\n<\/div>\n\n\n\n<div class=\"wp-block-column is-layout-flow wp-block-column-is-layout-flow\">\n<div class=\"wp-block-getwid-counter my-counter-class\"><div class=\"wp-block-getwid-counter__wrapper\" data-start=\"35\" data-end=\"35\" data-decimal-places=\"0\" data-duration=\"3\" data-use-easing=\"true\" data-use-grouping=\"true\" data-separator=\",\" data-decimal=\".\" data-easing-fn=\"outExpo\" data-numerals=\"default\"><span class=\"wp-block-getwid-counter__number\">0<\/span><p class=\"wp-block-getwid-counter__suffix\">approx. sales over the last seventeen years<\/p><\/div><\/div>\n<\/div>\n\n\n\n<div class=\"wp-block-column is-layout-flow wp-block-column-is-layout-flow\">\n<div class=\"wp-block-getwid-counter\"><div class=\"wp-block-getwid-counter__wrapper\" data-start=\"37\" data-end=\"37\" data-decimal-places=\"0\" data-duration=\"4\" data-use-easing=\"true\" data-use-grouping=\"true\" data-separator=\",\" data-decimal=\".\" data-easing-fn=\"outExpo\" data-numerals=\"default\"><span class=\"wp-block-getwid-counter__number\">0<\/span><p class=\"wp-block-getwid-counter__suffix\">Countries in which we are active<\/p><\/div><\/div>\n<\/div>\n<\/div>\n<\/div><\/div>\n<\/div><\/div>\n<\/div><\/div>\n\n\n\n<div class=\"wp-block-group overlay content-wide2 number-columns\"><div class=\"wp-block-group__inner-container is-layout-constrained wp-block-group-is-layout-constrained\">\n<div class=\"wp-block-columns fixed-columns is-layout-flex wp-container-core-columns-is-layout-6 wp-block-columns-is-layout-flex\">\n<div class=\"wp-block-column is-layout-flow wp-block-column-is-layout-flow\">\n<div class=\"wp-block-getwid-counter\"><div class=\"wp-block-getwid-counter__wrapper\" data-start=\"8500\" data-end=\"8500\" data-decimal-places=\"0\" data-duration=\"6\" data-use-easing=\"true\" data-use-grouping=\"true\" data-separator=\",\" data-decimal=\".\" data-easing-fn=\"outExpo\" data-numerals=\"default\"><span class=\"wp-block-getwid-counter__number\">0<\/span><p class=\"wp-block-getwid-counter__suffix\">Traded values<\/p><\/div><\/div>\n\n\n\n<div class=\"wp-block-group constriction\"><div class=\"wp-block-group__inner-container is-layout-flow wp-block-group-is-layout-flow\"><\/div><\/div>\n<\/div>\n\n\n\n<div class=\"wp-block-column is-layout-flow wp-block-column-is-layout-flow\">\n<div class=\"wp-block-getwid-counter my-counter-class\"><div class=\"wp-block-getwid-counter__wrapper\" data-start=\"35\" data-end=\"35\" data-decimal-places=\"0\" data-duration=\"3\" data-use-easing=\"true\" data-use-grouping=\"true\" data-separator=\",\" data-decimal=\".\" data-easing-fn=\"outExpo\" data-numerals=\"default\"><span class=\"wp-block-getwid-counter__number\">0<\/span><p class=\"wp-block-getwid-counter__suffix\">approx. sales over the last seventeen years<\/p><\/div><\/div>\n<\/div>\n\n\n\n<div class=\"wp-block-column is-layout-flow wp-block-column-is-layout-flow\">\n<div class=\"wp-block-getwid-counter\"><div class=\"wp-block-getwid-counter__wrapper\" data-start=\"37\" data-end=\"37\" data-decimal-places=\"0\" data-duration=\"4\" data-use-easing=\"true\" data-use-grouping=\"true\" data-separator=\",\" data-decimal=\".\" data-easing-fn=\"outExpo\" data-numerals=\"default\"><span class=\"wp-block-getwid-counter__number\">0<\/span><p class=\"wp-block-getwid-counter__suffix\">Countries in which we are active<\/p><\/div><\/div>\n<\/div>\n<\/div>\n<\/div><\/div>\n<\/div><\/section>\n\n\n\n<section class=\"wp-block-group overlay-anchor alignfull background item04\"><div class=\"wp-block-group__inner-container is-layout-flow wp-block-group-is-layout-flow\">\n<figure class=\"wp-block-image size-full alignfull is-background\"><img decoding=\"async\" src=\"https:\/\/orcacapital.de\/wp-content\/uploads\/2022\/03\/Handelsideen-fuer-die-Boerse.jpg\" alt=\"Orca Capital \u2013 Any trading idea with promise is welcome\" class=\"wp-image-426\"\/><\/figure>\n\n\n\n<div class=\"wp-block-group overlay\"><div class=\"wp-block-group__inner-container is-layout-flow wp-block-group-is-layout-flow\">\n<div class=\"wp-block-group constriction\"><div class=\"wp-block-group__inner-container is-layout-flow wp-block-group-is-layout-flow\">\n<h2 class=\"wp-block-heading\">Every trading idea is welcome<\/h2>\n\n\n\n<div class=\"wp-block-columns is-layout-flex wp-container-core-columns-is-layout-7 wp-block-columns-is-layout-flex\">\n<div class=\"wp-block-column is-layout-flow wp-block-column-is-layout-flow\">\n<p>Orca Capital is about more than just \u201cbusiness as usual\u201d. Our team perceives itself as a kind of creative pool at the stock exchange. <br>We encourage our employees to come to us with new ideas so that they can be turned into innovative trading strategies and ultimately put into practice. <\/p>\n\n\n\n<p>It is a principle that our traders can trade in what they want. Any trading idea with promise is welcome, whether it involves bonds, equities, pork bellies or frozen fruit juice. Although our trading activities focused on arbitrage in the early years, our traders now<\/p>\n<\/div>\n\n\n\n<div class=\"wp-block-column is-layout-flow wp-block-column-is-layout-flow\">\n<p>pursue a range of very different trading approaches such as swing trading, momentum trading, news trading, turnaround trading and block trading. In addition to this, they apply charts and fundamental strategies.<\/p>\n\n\n\n<p>Our traders are supported in their work by our employees in settlement. Our middle office and IT departments work closely with the traders to ensure that trades are settled in time and to continuously improve set \u2013 ups and infrastructure.<\/p>\n<\/div>\n<\/div>\n\n\n\n<div class=\"wp-block-columns trading-ideas fixed-columns is-layout-flex wp-container-core-columns-is-layout-8 wp-block-columns-is-layout-flex\">\n<div class=\"wp-block-column is-layout-flow wp-block-column-is-layout-flow\">\n<figure class=\"wp-block-image size-full\"><img decoding=\"async\" src=\"https:\/\/orcacapital.de\/wp-content\/uploads\/2022\/02\/Eigenhandel.png\" alt=\"Security Trading with short-term strategy by Orca Capital\" class=\"wp-image-118\"\/><figcaption class=\"wp-element-caption\">Security Trading<\/figcaption><\/figure>\n\n\n\n<p>Security Trading with short-term strategy<\/p>\n<\/div>\n\n\n\n<div class=\"wp-block-column is-layout-flow wp-block-column-is-layout-flow\">\n<figure class=\"wp-block-image size-full\"><img decoding=\"async\" src=\"https:\/\/orcacapital.de\/wp-content\/uploads\/2022\/02\/Investments.png\" alt=\"Investment Banking with Orca Capital \u2013 in companies we believe in\" class=\"wp-image-111\"\/><figcaption class=\"wp-element-caption\">Investments<\/figcaption><\/figure>\n\n\n\n<p>in companies we believe in<\/p>\n<\/div>\n\n\n\n<div class=\"wp-block-column is-layout-flow wp-block-column-is-layout-flow\">\n<figure class=\"wp-block-image size-full\"><img decoding=\"async\" src=\"https:\/\/orcacapital.de\/wp-content\/uploads\/2022\/02\/Venture-Capital.png\" alt=\"Venture Capital mit Orca Capital \u2013 The early bird catches the worm\" class=\"wp-image-121\"\/><figcaption class=\"wp-element-caption\">Venture Capital<\/figcaption><\/figure>\n\n\n\n<p>The early bird catches the worm<\/p>\n<\/div>\n<\/div>\n\n\n\n<div class=\"wp-block-columns trading-ideas fixed-columns is-layout-flex wp-container-core-columns-is-layout-9 wp-block-columns-is-layout-flex\">\n<div class=\"wp-block-column is-layout-flow wp-block-column-is-layout-flow\">\n<figure class=\"wp-block-image size-full\"><img decoding=\"async\" src=\"https:\/\/orcacapital.de\/wp-content\/uploads\/2022\/12\/Blocktrading.png\" alt=\"Blocktrading mit Orca Capital \u2013 Trading with equity stakes\" class=\"wp-image-567\"\/><figcaption class=\"wp-element-caption\">Blocktrading<\/figcaption><\/figure>\n\n\n\n<p>Trading with equity stakes<\/p>\n<\/div>\n\n\n\n<div class=\"wp-block-column is-layout-flow wp-block-column-is-layout-flow\">\n<figure class=\"wp-block-image size-full\"><img decoding=\"async\" src=\"https:\/\/orcacapital.de\/wp-content\/uploads\/2022\/02\/Bondhandel-1.png\" alt=\"Bondhandel mit Orca Capital \u2013 The yield must be right\" class=\"wp-image-123\"\/><figcaption class=\"wp-element-caption\">Bondhandel<\/figcaption><\/figure>\n\n\n\n<p>The yield must be right<\/p>\n<\/div>\n\n\n\n<div class=\"wp-block-column is-layout-flow wp-block-column-is-layout-flow\">\n<figure class=\"wp-block-image size-full\"><img decoding=\"async\" src=\"https:\/\/orcacapital.de\/wp-content\/uploads\/2022\/02\/Netzwerk.png\" alt=\"The Network of Orca Capital \u2013 Partners you can count on \" class=\"wp-image-124\"\/><figcaption class=\"wp-element-caption\">Network<\/figcaption><\/figure>\n\n\n\n<p>Partners you can count on<\/p>\n<\/div>\n<\/div>\n<\/div><\/div>\n<\/div><\/div>\n<\/div><\/section>\n\n\n\n<section class=\"wp-block-group constriction accordion item01\"><div class=\"wp-block-group__inner-container is-layout-flow wp-block-group-is-layout-flow\">\n<figure class=\"wp-block-gallery has-nested-images columns-default is-cropped no-bottomm wp-block-gallery-1 is-layout-flex wp-block-gallery-is-layout-flex\">\n<figure class=\"wp-block-image size-full\"><a href=\"https:\/\/orcacapital.de\/wp-content\/uploads\/2022\/12\/Eigenhandel.jpg\"><img decoding=\"async\" src=\"https:\/\/orcacapital.de\/wp-content\/uploads\/2022\/12\/Eigenhandel.jpg\" alt=\"Security Trading with short-term strategy by Orca Capital\" class=\"wp-image-570\"\/><\/a><\/figure>\n\n\n\n<figure class=\"wp-block-image size-full\"><a href=\"https:\/\/orcacapital.de\/wp-content\/uploads\/2022\/12\/Teamgeist.jpg\"><img decoding=\"async\" src=\"https:\/\/orcacapital.de\/wp-content\/uploads\/2022\/12\/Teamgeist.jpg\" alt=\"Team Spirit of Orca Capital\" class=\"wp-image-571\"\/><\/a><\/figure>\n\n\n\n<figure class=\"wp-block-image size-full\"><a href=\"https:\/\/orcacapital.de\/wp-content\/uploads\/2022\/12\/Unterschiedliche-Handelsansaetze.jpg\"><img decoding=\"async\" src=\"https:\/\/orcacapital.de\/wp-content\/uploads\/2022\/12\/Unterschiedliche-Handelsansaetze.jpg\" alt=\"Arbitrage, Swingtrading, Momentumtrading, Newstrading, Turnaroundtrading or Blocktrading\" class=\"wp-image-573\"\/><\/a><\/figure>\n\n\n\n<figure class=\"wp-block-image size-full\"><a href=\"https:\/\/orcacapital.de\/wp-content\/uploads\/2022\/12\/Originelle-Ideen.jpg\"><img decoding=\"async\" src=\"https:\/\/orcacapital.de\/wp-content\/uploads\/2022\/12\/Originelle-Ideen.jpg\" alt=\"Staff on the IT help desk and in IT development work closely with the traders to ensure the continuous improvement of the existing infrastructure.\" class=\"wp-image-574\"\/><\/a><\/figure>\n\n\n\n<figure class=\"wp-block-image size-full\"><a href=\"https:\/\/orcacapital.de\/wp-content\/uploads\/2022\/12\/Jede-Handelsidee-ist-willkommen.jpg\"><img decoding=\"async\" src=\"https:\/\/orcacapital.de\/wp-content\/uploads\/2022\/12\/Jede-Handelsidee-ist-willkommen.jpg\" alt=\"Any trading idea with promise is welcome, whether it involves bonds, equities, pork bellies or frozen fruit juice.\" class=\"wp-image-575\"\/><\/a><\/figure>\n\n\n\n<figure class=\"wp-block-image size-full\"><a href=\"https:\/\/orcacapital.de\/wp-content\/uploads\/2022\/12\/Trading-Strategien.jpg\"><img decoding=\"async\" src=\"https:\/\/orcacapital.de\/wp-content\/uploads\/2022\/12\/Trading-Strategien.jpg\" alt=\"Although the trading activities of Orca Capital focused on arbitrage in the early years, the traders now pursue a range of very different trading approaches\" class=\"wp-image-576\"\/><\/a><\/figure>\n<\/figure>\n<\/div><\/section>\n","protected":false},"excerpt":{"rendered":"<p>Independent proprietary traders Orca Capital is an independent proprietary trader managed by the owners. All the money we invest is our own. Without exception, Orca Capital carries out trading activities that are free of license requirements. The company&#8217;s headquarters is in Pfaffenhofen an der Ilm (between Munich and Ingolstadt). Orca Capital was founded in October&hellip; <a class=\"more-link\" href=\"https:\/\/orcacapital.de\/en\/about\/\">Continue reading <span class=\"screen-reader-text\">About<\/span><\/a><\/p>\n","protected":false},"author":2,"featured_media":0,"parent":0,"menu_order":0,"comment_status":"closed","ping_status":"closed","template":"","meta":{"footnotes":""},"class_list":["post-113","page","type-page","status-publish","hentry","entry"],"_links":{"self":[{"href":"https:\/\/orcacapital.de\/en\/wp-json\/wp\/v2\/pages\/113"}],"collection":[{"href":"https:\/\/orcacapital.de\/en\/wp-json\/wp\/v2\/pages"}],"about":[{"href":"https:\/\/orcacapital.de\/en\/wp-json\/wp\/v2\/types\/page"}],"author":[{"embeddable":true,"href":"https:\/\/orcacapital.de\/en\/wp-json\/wp\/v2\/users\/2"}],"replies":[{"embeddable":true,"href":"https:\/\/orcacapital.de\/en\/wp-json\/wp\/v2\/comments?post=113"}],"version-history":[{"count":19,"href":"https:\/\/orcacapital.de\/en\/wp-json\/wp\/v2\/pages\/113\/revisions"}],"predecessor-version":[{"id":369,"href":"https:\/\/orcacapital.de\/en\/wp-json\/wp\/v2\/pages\/113\/revisions\/369"}],"wp:attachment":[{"href":"https:\/\/orcacapital.de\/en\/wp-json\/wp\/v2\/media?parent=113"}],"curies":[{"name":"wp","href":"https:\/\/api.w.org\/{rel}","templated":true}]}}